{"id":455,"date":"2022-01-17T09:40:27","date_gmt":"2022-01-17T08:40:27","guid":{"rendered":"https:\/\/www.henridemalrome.com\/the-story\/the-wine-tables\/"},"modified":"2022-02-15T10:44:47","modified_gmt":"2022-02-15T09:44:47","slug":"les-tableaux-viticoles","status":"publish","type":"page","link":"http:\/\/www.henridemalrome.com\/en\/the-history\/les-tableaux-viticoles\/","title":{"rendered":"Les tableaux viticoles"},"content":{"rendered":"\n<section class=\"bloc bloc_presentation \">\n    <div class=\"container_xl\">\n        <div class=\"col_container\">\n            <div class=\"col col_1\">\n                <div class=\"img_container\">\n                    <img decoding=\"async\" src=\"http:\/\/www.henridemalrome.com\/wp-content\/uploads\/2022\/02\/HDM_CONTRIB_1000x1315_UN-LIEU-DE-PRE\u0301DILECTION1-779x1024.png\" alt=\"http:\/\/www.henridemalrome.com\/wp-content\/uploads\/2022\/02\/HDM_CONTRIB_1000x1315_UN-LIEU-DE-PRE\u0301DILECTION1-779x1024.png\">\n                <\/div>\n            <\/div>\n            <div class=\"col col_2\">\n                                <div class=\"title_container\">\n                    <h3>A place of choice<\/h3>\n                <\/div>\n                                <div class=\"icone_container\">\n                    <img decoding=\"async\" src=\"http:\/\/www.henridemalrome.com\/wp-content\/themes\/pixel_bzh\/images\/picto_vin.svg\" alt=\"Icone vin\">\n                <\/div>\n                                <div class=\"text_container g_container\">\n                <p>Acquired in 1883 by his mother the Countess Ad\u00e8le, Ch\u00e2teau Malrom\u00e9 was the favorite place in which the post-impressionist painter Henri de Toulouse-Lautrec came to unwind and stimulate his abundant creativity.<\/p>\n<p>Fascinated by the work of men on the vine and being an enlightened wine lover, Henri selected during his walks and then replanted at the Ch\u00e2teau the emblematic grape varieties of the Bordeaux regions which had inspired him.<\/p>\n                <\/div>\n                                            <\/div>\n        <\/div>\n    <\/div>\n    \n<\/section>\n\n<section class=\"bloc bloc_double_content \">\n    <div class=\"container\">\n        <div class=\"col_container\">\n                        <div class=\"col col_1\">\n                                <div class=\"title_container\">\n                    <h2>Aromatic tables<\/h2>\n                <\/div>\n                                                <div class=\"img_container\">\n                    <img decoding=\"async\" src=\"http:\/\/www.henridemalrome.com\/wp-content\/uploads\/2022\/02\/HDM_CONTRIB_1000x1315_TABLEAUX-AROMATIQUES1-768x1009.png\" alt=\"\">\n                <\/div>\n                                                <div class=\"text_container g_container\">\n                    <p>Like the paintings of the artist, which offered richness and complexity, Henri de Malrom\u00e9 wines compose aromatic paintings from the Bordeaux region by using grape varieties that are exclusive to Ch\u00e2teau Malrom\u00e9.<\/p>\n                <\/div>\n                                            <\/div>\n                        <div class=\"col col_2\">\n                                <div class=\"text_container g_container\">\n                    <p>Embracing the artistic vision of Henri de Toulouse-Lautrec, each wine is unique and illustrated with a particular place in Ch\u00e2teau Malrom\u00e9.<\/p>\n                <\/div>\n                                <div class=\"espaceur_container\">\n                    <img decoding=\"async\" src=\"http:\/\/www.henridemalrome.com\/wp-content\/themes\/pixel_bzh\/images\/espaceur_vertical.svg\" alt=\"Spaceur\">\n                <\/div>\n                                <div class=\"img_container\">\n                    <img decoding=\"async\" src=\"http:\/\/www.henridemalrome.com\/wp-content\/uploads\/2022\/02\/HDM_CONTRIB_1000x1315_TABLEAUX-AROMATIQUES2-768x1009.png\" alt=\"\">\n                <\/div>\n                            <\/div>\n        <\/div>\n    <\/div>\n<\/section>\n\n<section class=\"bloc bloc_voir_plus full\">\n    <div class=\"title_container\">\n        <h2>The art of wine tasting<\/h2>\n    <\/div>\n    <a href=\"https:\/\/www.henridemalrome.com\/en\/the-history\/the-art-of-wine-tasting\/\" class=\"voir_plus_container\">\n        <div class=\"img_container\">\n            <img decoding=\"async\" src=\"http:\/\/www.henridemalrome.com\/wp-content\/uploads\/2022\/02\/HDM_BANDEAU_1920x840_Histoire_LART-DE-DE\u0301GUSTATION.png\" alt=\"\">\n        <\/div>\n        <div class=\"btn_voir\">\n            <span>voir<\/span>\n            \n        <\/div>\n    <\/div>\n   \n<\/section>\n","protected":false},"excerpt":{"rendered":"","protected":false},"author":2,"featured_media":0,"parent":417,"menu_order":0,"comment_status":"closed","ping_status":"closed","template":"template_gutenberg.php","meta":{"footnotes":""},"class_list":["post-455","page","type-page","status-publish","hentry"],"acf":[],"_links":{"self":[{"href":"http:\/\/www.henridemalrome.com\/en\/wp-json\/wp\/v2\/pages\/455","targetHints":{"allow":["GET"]}}],"collection":[{"href":"http:\/\/www.henridemalrome.com\/en\/wp-json\/wp\/v2\/pages"}],"about":[{"href":"http:\/\/www.henridemalrome.com\/en\/wp-json\/wp\/v2\/types\/page"}],"author":[{"embeddable":true,"href":"http:\/\/www.henridemalrome.com\/en\/wp-json\/wp\/v2\/users\/2"}],"replies":[{"embeddable":true,"href":"http:\/\/www.henridemalrome.com\/en\/wp-json\/wp\/v2\/comments?post=455"}],"version-history":[{"count":8,"href":"http:\/\/www.henridemalrome.com\/en\/wp-json\/wp\/v2\/pages\/455\/revisions"}],"predecessor-version":[{"id":1517,"href":"http:\/\/www.henridemalrome.com\/en\/wp-json\/wp\/v2\/pages\/455\/revisions\/1517"}],"up":[{"embeddable":true,"href":"http:\/\/www.henridemalrome.com\/en\/wp-json\/wp\/v2\/pages\/417"}],"wp:attachment":[{"href":"http:\/\/www.henridemalrome.com\/en\/wp-json\/wp\/v2\/media?parent=455"}],"curies":[{"name":"wp","href":"https:\/\/api.w.org\/{rel}","templated":true}]}}