{"id":481,"date":"2022-01-17T09:45:22","date_gmt":"2022-01-17T08:45:22","guid":{"rendered":"https:\/\/www.henridemalrome.com\/the-know-how\/the-art-of-blending\/"},"modified":"2022-02-15T10:51:37","modified_gmt":"2022-02-15T09:51:37","slug":"the-art-of-combination","status":"publish","type":"page","link":"http:\/\/www.henridemalrome.com\/en\/the-know-how\/the-art-of-combination\/","title":{"rendered":"The art of combination"},"content":{"rendered":"\n<section class=\"bloc bloc_presentation \">\n    <div class=\"container_xl\">\n        <div class=\"col_container\">\n            <div class=\"col col_1\">\n                <div class=\"img_container\">\n                    <img decoding=\"async\" src=\"http:\/\/www.henridemalrome.com\/wp-content\/uploads\/2022\/02\/HDM_CONTRIB_1000x1315_UNE-TONALITE\u0301-SINGULIE\u0300RE1-779x1024.png\" alt=\"http:\/\/www.henridemalrome.com\/wp-content\/uploads\/2022\/02\/HDM_CONTRIB_1000x1315_UNE-TONALITE\u0301-SINGULIE\u0300RE1-779x1024.png\">\n                <\/div>\n            <\/div>\n            <div class=\"col col_2\">\n                                <div class=\"title_container\">\n                    <h3>A singular tone<\/h3>\n                <\/div>\n                                <div class=\"icone_container\">\n                    <img decoding=\"async\" src=\"http:\/\/www.henridemalrome.com\/wp-content\/themes\/pixel_bzh\/images\/picto_vin.svg\" alt=\"Icone vin\">\n                <\/div>\n                                <div class=\"text_container g_container\">\n                <p>The grapes selected come from the vines of Ch\u00e2teau Malrom\u00e9, which is located in Entre-Deux-Mers and whose soil is mainly clay and gravelly. It is the particular terroir of Ch\u00e2teau Malrom\u00e9 which gives our vines their singular tone, resonating in our wines.<\/p>\n<p>Through a rigorous selection of grapes grown at the Ch\u00e2teau, each product is the result of an expert blend that preserves the balance, smoothness and character of each wine.<\/p>\n<p>A true artist, the Cellar Master selects the grapes present at Malrom\u00e9 and then blends them to offer the best of wines exclusive to the estate.<\/p>\n                <\/div>\n                                            <\/div>\n        <\/div>\n    <\/div>\n    \n<\/section>\n\n<section class=\"bloc bloc_voir_plus full\">\n    <div class=\"title_container\">\n        <h2>Conservation of our wines<\/h2>\n    <\/div>\n    <a href=\"https:\/\/www.henridemalrome.com\/en\/the-know-how\/conservation-of-our-wines\/\" class=\"voir_plus_container\">\n        <div class=\"img_container\">\n            <img decoding=\"async\" src=\"http:\/\/www.henridemalrome.com\/wp-content\/uploads\/2022\/02\/HDM_BANDEAU_1920x840_Le-savoir-faire_LA-CONSERVATION-DES-VINS.png\" alt=\"\">\n        <\/div>\n        <div class=\"btn_voir\">\n            <span>voir<\/span>\n            \n        <\/div>\n    <\/div>\n   \n<\/section>\n","protected":false},"excerpt":{"rendered":"","protected":false},"author":2,"featured_media":0,"parent":180,"menu_order":0,"comment_status":"closed","ping_status":"closed","template":"template_gutenberg.php","meta":{"footnotes":""},"class_list":["post-481","page","type-page","status-publish","hentry"],"acf":[],"_links":{"self":[{"href":"http:\/\/www.henridemalrome.com\/en\/wp-json\/wp\/v2\/pages\/481","targetHints":{"allow":["GET"]}}],"collection":[{"href":"http:\/\/www.henridemalrome.com\/en\/wp-json\/wp\/v2\/pages"}],"about":[{"href":"http:\/\/www.henridemalrome.com\/en\/wp-json\/wp\/v2\/types\/page"}],"author":[{"embeddable":true,"href":"http:\/\/www.henridemalrome.com\/en\/wp-json\/wp\/v2\/users\/2"}],"replies":[{"embeddable":true,"href":"http:\/\/www.henridemalrome.com\/en\/wp-json\/wp\/v2\/comments?post=481"}],"version-history":[{"count":8,"href":"http:\/\/www.henridemalrome.com\/en\/wp-json\/wp\/v2\/pages\/481\/revisions"}],"predecessor-version":[{"id":1527,"href":"http:\/\/www.henridemalrome.com\/en\/wp-json\/wp\/v2\/pages\/481\/revisions\/1527"}],"up":[{"embeddable":true,"href":"http:\/\/www.henridemalrome.com\/en\/wp-json\/wp\/v2\/pages\/180"}],"wp:attachment":[{"href":"http:\/\/www.henridemalrome.com\/en\/wp-json\/wp\/v2\/media?parent=481"}],"curies":[{"name":"wp","href":"https:\/\/api.w.org\/{rel}","templated":true}]}}