{"id":450,"date":"2022-01-17T09:40:02","date_gmt":"2022-01-17T08:40:02","guid":{"rendered":"https:\/\/www.henridemalrome.com\/the-story\/chateau-malrome\/"},"modified":"2022-02-15T10:37:26","modified_gmt":"2022-02-15T09:37:26","slug":"the-chateau-malrome","status":"publish","type":"page","link":"https:\/\/www.henridemalrome.com\/en\/the-history\/the-chateau-malrome\/","title":{"rendered":"The Ch\u00e2teau Malrom\u00e9"},"content":{"rendered":"\n<section class=\"bloc bloc_presentation \">\n    <div class=\"container_xl\">\n        <div class=\"col_container\">\n            <div class=\"col col_1\">\n                <div class=\"img_container\">\n                    <img decoding=\"async\" src=\"https:\/\/www.henridemalrome.com\/wp-content\/uploads\/2022\/02\/HDM_CONTRIB_1000x1315_LES-ORIGINES1-779x1024.png\" alt=\"https:\/\/www.henridemalrome.com\/wp-content\/uploads\/2022\/02\/HDM_CONTRIB_1000x1315_LES-ORIGINES1-779x1024.png\">\n                <\/div>\n            <\/div>\n            <div class=\"col col_2\">\n                                <div class=\"title_container\">\n                    <h3>The origins<\/h3>\n                <\/div>\n                                <div class=\"icone_container\">\n                    <img decoding=\"async\" src=\"https:\/\/www.henridemalrome.com\/wp-content\/themes\/pixel_bzh\/images\/picto_vin.svg\" alt=\"Icone vin\">\n                <\/div>\n                                <div class=\"text_container g_container\">\n                <p>The first recorded instance of the estate dates back to the 16th century, with the construction of a \u201cnoble house of taste\u201d by \u00c9tienne de Rost\u00e9guy de Lancre, member of the Parliament of Bordeaux and Lord of Tastes and Saint-Andr\u00e9-du-Bois. The property remained in the name of the Lancre family for two hundred years.<\/p>\n<p>In 1780, the castle is let to Catherine de Forcade, Baron of Malrom\u00e9\u2019s widow, who gives the domain its name.<\/p>\n<p>In 1847, the castle is passed down to Jean de Forcade, President of the Council of State during Napol\u00e9on III\u2019s reign, and his half-brother, the Marechal of Saint-Arnaud, Governor of Paris and Minister of War. They restored the castle in the style of Viollet-le-Duc.<\/p>\n                <\/div>\n                                            <\/div>\n        <\/div>\n    <\/div>\n    \n<\/section>\n\n\n<hr class=\"wp-block-separator\"\/>\n\n\n\n<section class=\"bloc bloc_presentation \">\n    <div class=\"container_xl\">\n        <div class=\"col_container\">\n            <div class=\"col col_1\">\n                <div class=\"img_container\">\n                    <img decoding=\"async\" src=\"https:\/\/www.henridemalrome.com\/wp-content\/uploads\/2022\/02\/HDM_CONTRIB_1000x1315_DE-TOULOUSE-LAUTREC1-779x1024.png\" alt=\"https:\/\/www.henridemalrome.com\/wp-content\/uploads\/2022\/02\/HDM_CONTRIB_1000x1315_DE-TOULOUSE-LAUTREC1-779x1024.png\">\n                <\/div>\n            <\/div>\n            <div class=\"col col_2\">\n                                <div class=\"title_container\">\n                    <h3>De Toulouse-Lautrec<\/h3>\n                <\/div>\n                                <div class=\"icone_container\">\n                    <img decoding=\"async\" src=\"https:\/\/www.henridemalrome.com\/wp-content\/themes\/pixel_bzh\/images\/picto_vin.svg\" alt=\"Icone vin\">\n                <\/div>\n                                <div class=\"text_container g_container\">\n                <p>In 1883, Countess Ad\u00e8le of Toulouse-Lautrec acquired the Malrom\u00e9 castle along with the surrounding 34 hectares of vineyards from the widow of Forcade la Roquette. The Countess used her dowry to make this acquisition, in order to live away from her husband, Count Alphonse de Toulouse-Lautrec, who was obsessed with hunting and horse-riding.<\/p>\n<p>After her passing, the estate passed through the hands of several eminent personalities. One among them was Dr. Gabriel Seynat, who was Deputy Mayor to Jacques Chaban Delmas in 1947.<\/p>\n<p>The Ch\u00e2teau&#8217;s wine estate is one of the oldest still in operation and draws on its centuries-old know-how and its terroir to reveal the unique aromatic signature of Henri de Malrom\u00e9 wines.<\/p>\n                <\/div>\n                                            <\/div>\n        <\/div>\n    <\/div>\n    \n<\/section>\n\n\n<h3 class=\"wp-block-heading\" id=\"the-chateau-de-malrome-in-pictures\">The Chateau de Malrom\u00e9 in pictures<\/h3>\n\n\n<section class=\"bloc bloc_carrousel\">\n    <div class=\"carrousel_container lg_container\">\n                    <a href=\"\" class=\"img_container lg_item\">\n                <img decoding=\"async\" src=\"https:\/\/www.henridemalrome.com\/wp-content\/uploads\/2022\/02\/HDM_SLIDER_1920X1280_LE-CHATEAU-MALROME-EN-IMAGE5.jpg\" alt=\"\">\n            <\/a>\n                    <a href=\"\" class=\"img_container lg_item\">\n                <img decoding=\"async\" src=\"https:\/\/www.henridemalrome.com\/wp-content\/uploads\/2022\/02\/HDM_SLIDER_1920X1280_LE-CHATEAU-MALROME-EN-IMAGE4.jpg\" alt=\"\">\n            <\/a>\n                    <a href=\"\" class=\"img_container lg_item\">\n                <img decoding=\"async\" src=\"https:\/\/www.henridemalrome.com\/wp-content\/uploads\/2022\/02\/HDM_SLIDER_1920X1280_LE-CHATEAU-MALROME-EN-IMAGE3.jpg\" alt=\"\">\n            <\/a>\n                    <a href=\"\" class=\"img_container lg_item\">\n                <img decoding=\"async\" src=\"https:\/\/www.henridemalrome.com\/wp-content\/uploads\/2022\/02\/HDM_SLIDER_1920X1280_LE-CHATEAU-MALROME-EN-IMAGE2.jpg\" alt=\"\">\n            <\/a>\n                    <a href=\"\" class=\"img_container lg_item\">\n                <img decoding=\"async\" src=\"https:\/\/www.henridemalrome.com\/wp-content\/uploads\/2022\/02\/HDM_SLIDER_1920X1280_LE-CHATEAU-MALROME-EN-IMAGE1.jpg\" alt=\"\">\n            <\/a>\n            <\/div>\n<\/section>\n\n\n<section class=\"bloc bloc_voir_plus full\">\n    <div class=\"title_container\">\n        <h2>The Bordeaux region<\/h2>\n    <\/div>\n    <a href=\"https:\/\/www.henridemalrome.com\/en\/the-history\/the-bordeaux-region\/\" class=\"voir_plus_container\">\n        <div class=\"img_container\">\n            <img decoding=\"async\" src=\"https:\/\/www.henridemalrome.com\/wp-content\/uploads\/2022\/02\/HDM_BANDEAU_1920x840_Histoire_LA-RE\u0301GION-DE-BORDEAUX2.png\" alt=\"\">\n        <\/div>\n        <div class=\"btn_voir\">\n            <span>voir<\/span>\n            \n        <\/div>\n    <\/div>\n   \n<\/section>\n","protected":false},"excerpt":{"rendered":"<p>The Chateau de Malrom\u00e9 in pictures<\/p>\n","protected":false},"author":2,"featured_media":0,"parent":417,"menu_order":0,"comment_status":"closed","ping_status":"closed","template":"template_gutenberg.php","meta":{"footnotes":""},"class_list":["post-450","page","type-page","status-publish","hentry"],"acf":[],"_links":{"self":[{"href":"https:\/\/www.henridemalrome.com\/en\/wp-json\/wp\/v2\/pages\/450","targetHints":{"allow":["GET"]}}],"collection":[{"href":"https:\/\/www.henridemalrome.com\/en\/wp-json\/wp\/v2\/pages"}],"about":[{"href":"https:\/\/www.henridemalrome.com\/en\/wp-json\/wp\/v2\/types\/page"}],"author":[{"embeddable":true,"href":"https:\/\/www.henridemalrome.com\/en\/wp-json\/wp\/v2\/users\/2"}],"replies":[{"embeddable":true,"href":"https:\/\/www.henridemalrome.com\/en\/wp-json\/wp\/v2\/comments?post=450"}],"version-history":[{"count":20,"href":"https:\/\/www.henridemalrome.com\/en\/wp-json\/wp\/v2\/pages\/450\/revisions"}],"predecessor-version":[{"id":1507,"href":"https:\/\/www.henridemalrome.com\/en\/wp-json\/wp\/v2\/pages\/450\/revisions\/1507"}],"up":[{"embeddable":true,"href":"https:\/\/www.henridemalrome.com\/en\/wp-json\/wp\/v2\/pages\/417"}],"wp:attachment":[{"href":"https:\/\/www.henridemalrome.com\/en\/wp-json\/wp\/v2\/media?parent=450"}],"curies":[{"name":"wp","href":"https:\/\/api.w.org\/{rel}","templated":true}]}}